{"id":1889,"date":"2023-12-14T10:07:43","date_gmt":"2023-12-14T09:07:43","guid":{"rendered":"https:\/\/contiducco.it\/termini-e-condizioni\/"},"modified":"2025-01-02T11:44:29","modified_gmt":"2025-01-02T10:44:29","slug":"terms-and-conditions","status":"publish","type":"page","link":"https:\/\/contiducco.it\/en\/terms-and-conditions\/","title":{"rendered":"Terms and Conditions"},"content":{"rendered":"<div class=\"wpb-content-wrapper\">[vc_row][vc_column][vc_column_text]Le Condizioni Generali di vendita e di utilizzo sotto riportate si applicano al solo territorio Italiano e a tutte le vendite. La vendita \u00e8 regolata dalle presenti Condizioni Generali nonch\u00e9 dalle modalit\u00e0 indicate in dettaglio nelle sezioni del presente sito che devono considerarsi parte integrante e sostanziale del contratto di vendita.<br \/>\nIl Cliente \u00e8 invitato, prima dell\u2019invio dell\u2019ordine, a leggere attentamente le condizioni di vendita e le informazioni ivi contenute e a stamparle o salvarle su altro supporto duraturo a lui accessibile.<br \/>\nLe Condizioni Generali potranno essere modificate in ogni momento. Eventuali modifiche e\/o nuove condizioni saranno in vigore dal momento della loro pubblicazione sulla presente pagina del Sito. In ogni caso, l\u2019utente avr\u00e0 diritto all\u2019applicazione delle Condizioni Generali e degli altri termini contrattuali ed economici in vigore al momento dell\u2019invio dell\u2019ordine<br \/>\nL\u2019invio dell\u2019ordine da parte del Cliente vale come accettazione delle condizioni di vendita a quel momento vigenti.<\/p>\n<ol>\n<li><b>Acquisti:<\/b><br \/>\nLa procedura per acquistare su www.contiducco.it \u00e8 molto semplice:<br \/>\nRegistrarsi, selezionare\u00a0 i prodotti desiderati ed inserirli nel carrello, selezionare il carrello per visualizzare i prodotti scelti. Inserire i propri dati mancanti e indirizzo di destinazione quindi\u00a0 concludere l\u2019acquisto con il pagamento.<\/li>\n<li><b style=\"color: var(--wpex-text-2);\">Termini e Condizioni di acquisto<br \/>\n<\/b>Le presenti disposizioni generali di vendita\u00a0 sono applicabili a tutte le vendite di prodotti \u201cConti Ducco S.S.\u201d concluse a distanza attraverso il sito internet www.contiducco.it.<br \/>\nL'utilizzo del servizio di vendita a distanza descritto nelle presenti Condizioni Generali \u00e8 riservato esclusivamente ai consumatori o \u201cClienti\u201d intesi come le persone fisiche che agiscono per scopi estranei alla propria attivit\u00e0 commerciale, artigianale, imprenditoriale o professionale eventualmente svolta, maggiori di 18 anni (o, se minori, autorizzati dal loro rappresentate legale).<br \/>\nLa lingua utilizzata per concludere il contratto attraverso il Sito \u00e8 l\u2019italiano.<br \/>\nIl Cliente \u00e8 tenuto a leggere attentamente le Condizioni Generali che sono state messe a sua disposizione sul Sito, al fine di consentirne la conoscenza nonch\u00e9 la memorizzazione e la riproduzione da parte del Cliente ai sensi dell\u2019articolo 12, comma 3, del Decreto Legislativo 9 aprile 2003, n. 70 (\u201cAttuazione della Direttiva 2000\/31\/CE relativa a taluni aspetti giuridici dei servizi della societ\u00e0 dell\u2019informazione nel mercato interno con particolare riferimento al commercio elettronico\u201d - di seguito, \u201cDecreto Ecommerce\u201d). I contratti conclusi con Conti Ducco S.S. attraverso il Sito sono disciplinati dal diritto italiano e, in particolare, dal Decreto Legislativo 6 settembre 2005, n. 206 (di seguito, \u201cCodice del Consumo\u201d) e dal Decreto Ecommerce. Il venditore \u00e8 Conti Ducco S.S., Via Degli Eroi nr.\u00a0 70 <span style=\"color: var(--wpex-text-2);\">25050 Passirano (BS). Prima dell\u2019invio di una proposta d\u2019ordine, i Clienti sono invitati ad assicurarsi di aver letto e compreso le istruzioni fornite durante la procedura di acquisto e le presenti Condizioni Generali, poich\u00e9 esse saranno vincolanti una volta concluso il contratto.<\/span><\/li>\n<li><b style=\"color: var(--wpex-text-2);\">Informativa precontrattuale<br \/>\n<\/b>Per concludere il contratto d\u2019acquisto il cliente deve compilare l\u2019ordine in ogni sua parte indicando gli elementi necessari per l\u2019identificazione del Cliente e dei prodotti ordinati nonch\u00e9 l\u2019indicazione del luogo di consegna, pena la sua nullit\u00e0. In conformit\u00e0 a quanto disposto dall\u2019articolo 53 del Codice del Consumo, al momento della conferma dell\u2019ordine o dell\u2019esecuzione del contratto Conti Ducco S.S. provveder\u00e0 a trasmettere al Cliente, a mezzo e-mail,\u00a0 un link a questa pagina delle Condizioni Generali, le informazioni di riepilogo sull\u2019ordine (l\u2019indicazione dettagliata del prezzo, del mezzo di pagamento utilizzato, eventuali costi di spedizione o costi aggiuntivi) e le modalit\u00e0 per l\u2019esercizio del diritto di recesso. Si raccomanda di conservare la e-mail ricevuta come prova d\u2019acquisto o di memorizzarla su supporto durevole.<br \/>\nIl Cliente \u00e8 tenuto a verificare il contenuto della comunicazione e segnalare immediatamente a Conti Ducco S.S. eventuali errori o omissioni. Il modulo d\u2019ordine sar\u00e0 archiviato nella banca dati di Conti Ducco S.S. per il tempo necessario all\u2019evasione dell\u2019ordine e comunque secondo i termini di legge.<\/li>\n<li><b style=\"color: var(--wpex-text-2);\">Disponibilit\u00e0<br \/>\n<\/b>Poich\u00e9 le produzioni sono limitate pu\u00f2 accadere che il prodotto ordinato non sia pi\u00f9 disponibile successivamente all\u2019inserimento dell\u2019ordine di acquisto. Se questo dovesse accadere il cliente sar\u00e0 prontamente informato per e-mail e l\u2019ordine di acquisto verr\u00e0 cancellato o modificato in base alle indicazioni dell\u2019utente. Se il pagamento \u00e8 gi\u00e0 stato eseguito Conti Ducco S.S. effettuer\u00e0 il rimborso della somma pagata dal cliente, immediatamente, e, comunque entro il termine di trenta giorni a decorrere dal giorno successivo all\u2019invio dell\u2019ordine. L\u2019importo del rimborso sar\u00e0 comunicato per mezzo di e-mail e accreditato sullo stesso mezzo di pagamento utilizzato per l\u2019acquisto. Conti Ducco S.S. declina ogni responsabilit\u00e0 per eventuali ritardi nell\u2019accredito, che dipendano dall\u2019istituto bancario o dal tipo di carta di credito utilizzata per il pagamento.<\/li>\n<li><b style=\"color: var(--wpex-text-2);\">Prezzi<br \/>\n<\/b>I prezzi indicati sono in euro e si intendono comprensivi di IVA. I prezzi dei singoli prodotti possono essere modificati in qualsiasi momento, pertanto, i prezzi di volta in volta indicati nel sito, annullano e sostituiscono quelli precedentemente indicati. Il prezzo addebitato al cliente sar\u00e0 quello indicato sulla scheda del prodotto al momento dell\u2019inserimento dell\u2019ordine.<\/li>\n<li><b style=\"color: var(--wpex-text-2);\">Modalit\u00e0 di pagamento:<br \/>\n<\/b>Il pagamento dell\u2019ordine online, deve essere effettuato mediante carta di credito, conto paypal o bonifico bancario. Conti Ducco S.S.\u00a0 emetter\u00e0 il documento di trasporto al momento dell\u2019evasione dell\u2019ordine. Per l\u2019emissione della fattura fanno fede le disposizioni fornite dal Cliente all\u2019atto dell\u2019ordine. Nessuna variazione in fattura sar\u00e0 possibile, dopo l\u2019emissione della stessa.<br \/>\nAl momento dell\u2019acquisto, seguendo i passaggi indicati, il cliente viene indirizzato\u00a0 sul sito di pagamento di Pay Pal dove sar\u00e0 possibile scegliere tra i vari metodi di pagamento indicati.<br \/>\nPer la sicurezza del cliente, Conti Ducco S.S. non viene mai a conoscenza del numero della carta di credito: questo \u00e8 infatti ricevuto solamente da Pay Pal che fornisce a Conti Ducco S.S. solo l\u2019autorizzazione al pagamento. Nessun dato relativo alla carta di credito sar\u00e0, quindi, trascritto sui documenti relativi all'ordine, n\u00e8 memorizzato all'interno dei nostri sistemi o di quelli del corriere espresso.<\/li>\n<li><b style=\"color: var(--wpex-text-2);\">Invio fattura tramite e-mail:<br \/>\n<\/b>Il Cliente, sottoscrivendo le presenti condizioni di vendita, autorizza la Conti Ducco s.s. ad inviare la fattura a mezzo posta elettronica in sostituzione di quella cartacea, all'indirizzo e-mail fornito\u00a0 al momento della registrazione.<\/li>\n<li><b style=\"color: var(--wpex-text-2);\">Diritto di Recesso<br \/>\n<\/b>in base al Decreto Legislativo 22 maggio 1999, n. 185 il Cliente ha diritto di recedere dal contratto, entro 10 giorni dal ricevimento della merce, previa comunicazione scritta a mezzo raccomandata da inoltrarsi a: Conti Ducco S.S., Via Degli Eroi nr.\u00a0 70,\u00a0 25050 Passirano (BS).<br \/>\nE\u2019 necessario specificare la volont\u00e0 di avvalersi dei benefici concessi dalla legge nonch\u00e9 l\u2019indicazione del prodotto acquistato e i riferimenti del documento di trasporto I dati relativi alle coordinate bancarie sulle quali ottenere il bonifico (Cod. IBAN - Conto Corrente dell'acquirente).<br \/>\nIn\u00a0 caso di recesso le spese di\u00a0 spedizione sono a carico del cliente. Il diritto di recesso si applica solo ai beni integri al momento della restituzione e nell\u2019imballo originale.<\/li>\n<li><b style=\"color: var(--wpex-text-2);\">Reso di merce danneggiata<br \/>\n<\/b>Conti Ducco S.S. utilizza i migliori corrieri nazionali per garantire spedizioni puntuali a prezzi competitivi e si assume tutti i rischi relativi alla spedizione dei prodotti tramite corriere ed \u00e8 responsabile di qualsiasi danno se avvenuto prima della firma di ricevimento della merce. Per agevolare le pratiche di reso in caso di merce danneggiata raccomandiamo ai clienti di accettare i pacchi con riserva.<\/li>\n<li><b style=\"color: var(--wpex-text-2);\">Controversie<br \/>\n<\/b>I contratti stipulati on line\u00a0 con Conti Ducco S.S. sono regolati dalla legge italiana e, per quanto, non espressamente previsto, valgono le norme di legge in materia.<\/li>\n<\/ol>\n[\/vc_column_text][\/vc_column][\/vc_row]\n<\/div>","protected":false},"excerpt":{"rendered":"<p>[vc_row][vc_column][vc_column_text]Le Condizioni Generali di vendita e di utilizzo sotto riportate si applicano al solo territorio Italiano e a tutte le vendite. La vendita \u00e8 regolata dalle presenti Condizioni Generali nonch\u00e9 dalle modalit\u00e0 indicate in dettaglio nelle sezioni del presente sito che devono considerarsi parte integrante e sostanziale del contratto di vendita. Il Cliente \u00e8 invitato,&hellip;<\/p>\n","protected":false},"author":1,"featured_media":0,"parent":0,"menu_order":0,"comment_status":"closed","ping_status":"closed","template":"templates\/no-sidebar.php","meta":{"footnotes":""},"class_list":["post-1889","page","type-page","status-publish","hentry","entry","no-media"],"yoast_head":"<!-- This site is optimized with the Yoast SEO plugin v27.3 - https:\/\/yoast.com\/product\/yoast-seo-wordpress\/ -->\n<title>Terms and Conditions - Conti Ducco Franciacorta<\/title>\n<meta name=\"robots\" content=\"index, follow, max-snippet:-1, max-image-preview:large, max-video-preview:-1\" \/>\n<link rel=\"canonical\" href=\"https:\/\/contiducco.it\/termini-e-condizioni\/\" \/>\n<meta property=\"og:locale\" content=\"en_US\" \/>\n<meta property=\"og:type\" content=\"article\" \/>\n<meta property=\"og:title\" content=\"Terms and Conditions - Conti Ducco Franciacorta\" \/>\n<meta property=\"og:description\" content=\"[vc_row][vc_column][vc_column_text]Le Condizioni Generali di vendita e di utilizzo sotto riportate si applicano al solo territorio Italiano e a tutte le vendite. La vendita \u00e8 regolata dalle presenti Condizioni Generali nonch\u00e9 dalle modalit\u00e0 indicate in dettaglio nelle sezioni del presente sito che devono considerarsi parte integrante e sostanziale del contratto di vendita. Il Cliente \u00e8 invitato,&hellip;\" \/>\n<meta property=\"og:url\" content=\"https:\/\/contiducco.it\/termini-e-condizioni\/\" \/>\n<meta property=\"og:site_name\" content=\"Conti Ducco Franciacorta\" \/>\n<meta property=\"article:modified_time\" content=\"2025-01-02T10:44:29+00:00\" \/>\n<meta name=\"twitter:card\" content=\"summary_large_image\" \/>\n<meta name=\"twitter:label1\" content=\"Est. reading time\" \/>\n\t<meta name=\"twitter:data1\" content=\"6 minutes\" \/>\n<script type=\"application\/ld+json\" class=\"yoast-schema-graph\">{\"@context\":\"https:\\\/\\\/schema.org\",\"@graph\":[{\"@type\":\"WebPage\",\"@id\":\"https:\\\/\\\/contiducco.it\\\/termini-e-condizioni\\\/\",\"url\":\"https:\\\/\\\/contiducco.it\\\/termini-e-condizioni\\\/\",\"name\":\"Terms and Conditions - Conti Ducco Franciacorta\",\"isPartOf\":{\"@id\":\"https:\\\/\\\/contiducco.it\\\/#website\"},\"datePublished\":\"2023-12-14T09:07:43+00:00\",\"dateModified\":\"2025-01-02T10:44:29+00:00\",\"breadcrumb\":{\"@id\":\"https:\\\/\\\/contiducco.it\\\/termini-e-condizioni\\\/#breadcrumb\"},\"inLanguage\":\"en-US\",\"potentialAction\":[{\"@type\":\"ReadAction\",\"target\":[\"https:\\\/\\\/contiducco.it\\\/termini-e-condizioni\\\/\"]}]},{\"@type\":\"BreadcrumbList\",\"@id\":\"https:\\\/\\\/contiducco.it\\\/termini-e-condizioni\\\/#breadcrumb\",\"itemListElement\":[{\"@type\":\"ListItem\",\"position\":1,\"name\":\"Home\",\"item\":\"https:\\\/\\\/contiducco.it\\\/en\\\/\"},{\"@type\":\"ListItem\",\"position\":2,\"name\":\"Terms and Conditions\"}]},{\"@type\":\"WebSite\",\"@id\":\"https:\\\/\\\/contiducco.it\\\/#website\",\"url\":\"https:\\\/\\\/contiducco.it\\\/\",\"name\":\"Conti Ducco Franciacorta\",\"description\":\"Conti Ducco Franciacorta\",\"publisher\":{\"@id\":\"https:\\\/\\\/contiducco.it\\\/#organization\"},\"potentialAction\":[{\"@type\":\"SearchAction\",\"target\":{\"@type\":\"EntryPoint\",\"urlTemplate\":\"https:\\\/\\\/contiducco.it\\\/?s={search_term_string}\"},\"query-input\":{\"@type\":\"PropertyValueSpecification\",\"valueRequired\":true,\"valueName\":\"search_term_string\"}}],\"inLanguage\":\"en-US\"},{\"@type\":\"Organization\",\"@id\":\"https:\\\/\\\/contiducco.it\\\/#organization\",\"name\":\"Conti Ducco Franciacorta\",\"url\":\"https:\\\/\\\/contiducco.it\\\/\",\"logo\":{\"@type\":\"ImageObject\",\"inLanguage\":\"en-US\",\"@id\":\"https:\\\/\\\/contiducco.it\\\/#\\\/schema\\\/logo\\\/image\\\/\",\"url\":\"https:\\\/\\\/contiducco.it\\\/wp-content\\\/uploads\\\/2023\\\/10\\\/Logo-Header-alto.png\",\"contentUrl\":\"https:\\\/\\\/contiducco.it\\\/wp-content\\\/uploads\\\/2023\\\/10\\\/Logo-Header-alto.png\",\"width\":254,\"height\":128,\"caption\":\"Conti Ducco Franciacorta\"},\"image\":{\"@id\":\"https:\\\/\\\/contiducco.it\\\/#\\\/schema\\\/logo\\\/image\\\/\"}}]}<\/script>\n<!-- \/ Yoast SEO plugin. -->","yoast_head_json":{"title":"Terms and Conditions - Conti Ducco Franciacorta","robots":{"index":"index","follow":"follow","max-snippet":"max-snippet:-1","max-image-preview":"max-image-preview:large","max-video-preview":"max-video-preview:-1"},"canonical":"https:\/\/contiducco.it\/termini-e-condizioni\/","og_locale":"en_US","og_type":"article","og_title":"Terms and Conditions - Conti Ducco Franciacorta","og_description":"[vc_row][vc_column][vc_column_text]Le Condizioni Generali di vendita e di utilizzo sotto riportate si applicano al solo territorio Italiano e a tutte le vendite. La vendita \u00e8 regolata dalle presenti Condizioni Generali nonch\u00e9 dalle modalit\u00e0 indicate in dettaglio nelle sezioni del presente sito che devono considerarsi parte integrante e sostanziale del contratto di vendita. Il Cliente \u00e8 invitato,&hellip;","og_url":"https:\/\/contiducco.it\/termini-e-condizioni\/","og_site_name":"Conti Ducco Franciacorta","article_modified_time":"2025-01-02T10:44:29+00:00","twitter_card":"summary_large_image","twitter_misc":{"Est. reading time":"6 minutes"},"schema":{"@context":"https:\/\/schema.org","@graph":[{"@type":"WebPage","@id":"https:\/\/contiducco.it\/termini-e-condizioni\/","url":"https:\/\/contiducco.it\/termini-e-condizioni\/","name":"Terms and Conditions - Conti Ducco Franciacorta","isPartOf":{"@id":"https:\/\/contiducco.it\/#website"},"datePublished":"2023-12-14T09:07:43+00:00","dateModified":"2025-01-02T10:44:29+00:00","breadcrumb":{"@id":"https:\/\/contiducco.it\/termini-e-condizioni\/#breadcrumb"},"inLanguage":"en-US","potentialAction":[{"@type":"ReadAction","target":["https:\/\/contiducco.it\/termini-e-condizioni\/"]}]},{"@type":"BreadcrumbList","@id":"https:\/\/contiducco.it\/termini-e-condizioni\/#breadcrumb","itemListElement":[{"@type":"ListItem","position":1,"name":"Home","item":"https:\/\/contiducco.it\/en\/"},{"@type":"ListItem","position":2,"name":"Terms and Conditions"}]},{"@type":"WebSite","@id":"https:\/\/contiducco.it\/#website","url":"https:\/\/contiducco.it\/","name":"Conti Ducco Franciacorta","description":"Conti Ducco Franciacorta","publisher":{"@id":"https:\/\/contiducco.it\/#organization"},"potentialAction":[{"@type":"SearchAction","target":{"@type":"EntryPoint","urlTemplate":"https:\/\/contiducco.it\/?s={search_term_string}"},"query-input":{"@type":"PropertyValueSpecification","valueRequired":true,"valueName":"search_term_string"}}],"inLanguage":"en-US"},{"@type":"Organization","@id":"https:\/\/contiducco.it\/#organization","name":"Conti Ducco Franciacorta","url":"https:\/\/contiducco.it\/","logo":{"@type":"ImageObject","inLanguage":"en-US","@id":"https:\/\/contiducco.it\/#\/schema\/logo\/image\/","url":"https:\/\/contiducco.it\/wp-content\/uploads\/2023\/10\/Logo-Header-alto.png","contentUrl":"https:\/\/contiducco.it\/wp-content\/uploads\/2023\/10\/Logo-Header-alto.png","width":254,"height":128,"caption":"Conti Ducco Franciacorta"},"image":{"@id":"https:\/\/contiducco.it\/#\/schema\/logo\/image\/"}}]}},"_links":{"self":[{"href":"https:\/\/contiducco.it\/en\/wp-json\/wp\/v2\/pages\/1889","targetHints":{"allow":["GET"]}}],"collection":[{"href":"https:\/\/contiducco.it\/en\/wp-json\/wp\/v2\/pages"}],"about":[{"href":"https:\/\/contiducco.it\/en\/wp-json\/wp\/v2\/types\/page"}],"author":[{"embeddable":true,"href":"https:\/\/contiducco.it\/en\/wp-json\/wp\/v2\/users\/1"}],"replies":[{"embeddable":true,"href":"https:\/\/contiducco.it\/en\/wp-json\/wp\/v2\/comments?post=1889"}],"version-history":[{"count":1,"href":"https:\/\/contiducco.it\/en\/wp-json\/wp\/v2\/pages\/1889\/revisions"}],"predecessor-version":[{"id":2135,"href":"https:\/\/contiducco.it\/en\/wp-json\/wp\/v2\/pages\/1889\/revisions\/2135"}],"wp:attachment":[{"href":"https:\/\/contiducco.it\/en\/wp-json\/wp\/v2\/media?parent=1889"}],"curies":[{"name":"wp","href":"https:\/\/api.w.org\/{rel}","templated":true}]}}